{"id":64,"date":"2024-04-05T12:45:07","date_gmt":"2024-04-05T10:45:07","guid":{"rendered":"https:\/\/lesmassagesdelou.fr\/?post_type=product&#038;p=64"},"modified":"2024-12-16T22:05:27","modified_gmt":"2024-12-16T21:05:27","slug":"hawaien","status":"publish","type":"product","link":"https:\/\/lesmassagesdelou.fr\/index.php\/produit\/hawaien\/","title":{"rendered":"Massage Hawa\u00efen \u00ab\u00a0Lomi-Lomi\u00a0\u00bb Chamb\u00e9ry"},"content":{"rendered":"<p class=\"has-text-color\">C\u2019est un massage complet du corps, tr\u00e8s enveloppant.<\/p>\n<p class=\"has-text-color\"><strong>Bienfaits :<\/strong>\u00a0effets relaxants avec une lib\u00e9ration des tensions mentales, nerveuses et musculaires, une bonne circulation \u00e9nerg\u00e9tique \/ des fluides et fait ressentir une sensation d\u2019unit\u00e9 et de pl\u00e9nitude \u00e0 la personne<\/p>\n<p class=\"has-text-color\"><strong>Indications :\u00a0<\/strong>pour les sportifs, pour les personnes qui souffrent de douleurs, de contrari\u00e9t\u00e9s ou d\u2019anxi\u00e9t\u00e9 et qui souhaitent retrouver une certaine unit\u00e9, un certain \u00e9quilibre corporel.<\/p>\n","protected":false},"excerpt":{"rendered":"<p>C\u2019est un massage complet du corps, tr\u00e8s enveloppant. Bienfaits :\u00a0effets relaxants avec une lib\u00e9ration des tensions mentales, nerveuses et musculaires, une bonne circulation \u00e9nerg\u00e9tique \/ des fluides et fait ressentir une sensation d\u2019unit\u00e9 et de pl\u00e9nitude \u00e0 la personne Indications :\u00a0pour les sportifs, pour les personnes qui souffrent de douleurs, de contrari\u00e9t\u00e9s ou d\u2019anxi\u00e9t\u00e9 et [&hellip;]<\/p>\n","protected":false},"featured_media":1998,"template":"","meta":[],"product_cat":[25,19],"product_tag":[],"class_list":{"0":"post-64","1":"product","2":"type-product","3":"status-publish","4":"has-post-thumbnail","6":"product_cat-decontractant-musculaire","7":"product_cat-relaxation","9":"first","10":"instock","11":"shipping-taxable","12":"purchasable","13":"product-type-simple"},"_links":{"self":[{"href":"https:\/\/lesmassagesdelou.fr\/index.php\/wp-json\/wp\/v2\/product\/64","targetHints":{"allow":["GET"]}}],"collection":[{"href":"https:\/\/lesmassagesdelou.fr\/index.php\/wp-json\/wp\/v2\/product"}],"about":[{"href":"https:\/\/lesmassagesdelou.fr\/index.php\/wp-json\/wp\/v2\/types\/product"}],"wp:featuredmedia":[{"embeddable":true,"href":"https:\/\/lesmassagesdelou.fr\/index.php\/wp-json\/wp\/v2\/media\/1998"}],"wp:attachment":[{"href":"https:\/\/lesmassagesdelou.fr\/index.php\/wp-json\/wp\/v2\/media?parent=64"}],"wp:term":[{"taxonomy":"product_cat","embeddable":true,"href":"https:\/\/lesmassagesdelou.fr\/index.php\/wp-json\/wp\/v2\/product_cat?post=64"},{"taxonomy":"product_tag","embeddable":true,"href":"https:\/\/lesmassagesdelou.fr\/index.php\/wp-json\/wp\/v2\/product_tag?post=64"}],"curies":[{"name":"wp","href":"https:\/\/api.w.org\/{rel}","templated":true}]}}