{"id":92,"date":"2024-04-06T20:48:43","date_gmt":"2024-04-06T18:48:43","guid":{"rendered":"https:\/\/lesmassagesdelou.fr\/?post_type=product&#038;p=92"},"modified":"2024-12-12T11:29:30","modified_gmt":"2024-12-12T10:29:30","slug":"global-chinois","status":"publish","type":"product","link":"https:\/\/lesmassagesdelou.fr\/index.php\/produit\/global-chinois\/","title":{"rendered":"Massage Global Chinois Chamb\u00e9ry"},"content":{"rendered":"<p class=\"has-text-color\">Par acupression, l\u2019\u00e9nergie accumul\u00e9e en certains points est lib\u00e9r\u00e9e puis remise en circulation dans tout le corps.<\/p>\n<p class=\"has-text-color\"><strong>Bienfaits :<\/strong>\u00a0Ce massage a pour but de faire (re)circuler l\u2019\u00e9nergie du corps et d\u2019entretenir la sant\u00e9.<\/p>\n<p class=\"has-text-color\"><strong>Indications :<\/strong>\u00a0baisse d\u2019\u00e9nergie, fatigue, aux changements de saison, en p\u00e9riode d\u2019examens, apr\u00e8s un d\u00e9calage horaire, pour une personne qui travaille de nuit, aux sportifs.<\/p>\n<p class=\"has-text-color\">Il se pratique sur une personne d\u00e9nud\u00e9e du dos, sans huile.<\/p>\n<p class=\"has-text-color\"><strong>Merci de mettre un legging pour venir.<\/strong><\/p>\n","protected":false},"excerpt":{"rendered":"<p>Par acupression, l\u2019\u00e9nergie accumul\u00e9e en certains points est lib\u00e9r\u00e9e puis remise en circulation dans tout le corps. Bienfaits :\u00a0Ce massage a pour but de faire (re)circuler l\u2019\u00e9nergie du corps et d\u2019entretenir la sant\u00e9. Indications :\u00a0baisse d\u2019\u00e9nergie, fatigue, aux changements de saison, en p\u00e9riode d\u2019examens, apr\u00e8s un d\u00e9calage horaire, pour une personne qui travaille de nuit, [&hellip;]<\/p>\n","protected":false},"featured_media":2003,"template":"","meta":[],"product_cat":[20,21],"product_tag":[],"class_list":{"0":"post-92","1":"product","2":"type-product","3":"status-publish","4":"has-post-thumbnail","6":"product_cat-energetique","7":"product_cat-reharmonisant","9":"first","10":"instock","11":"featured","12":"shipping-taxable","13":"purchasable","14":"product-type-simple"},"_links":{"self":[{"href":"https:\/\/lesmassagesdelou.fr\/index.php\/wp-json\/wp\/v2\/product\/92","targetHints":{"allow":["GET"]}}],"collection":[{"href":"https:\/\/lesmassagesdelou.fr\/index.php\/wp-json\/wp\/v2\/product"}],"about":[{"href":"https:\/\/lesmassagesdelou.fr\/index.php\/wp-json\/wp\/v2\/types\/product"}],"wp:featuredmedia":[{"embeddable":true,"href":"https:\/\/lesmassagesdelou.fr\/index.php\/wp-json\/wp\/v2\/media\/2003"}],"wp:attachment":[{"href":"https:\/\/lesmassagesdelou.fr\/index.php\/wp-json\/wp\/v2\/media?parent=92"}],"wp:term":[{"taxonomy":"product_cat","embeddable":true,"href":"https:\/\/lesmassagesdelou.fr\/index.php\/wp-json\/wp\/v2\/product_cat?post=92"},{"taxonomy":"product_tag","embeddable":true,"href":"https:\/\/lesmassagesdelou.fr\/index.php\/wp-json\/wp\/v2\/product_tag?post=92"}],"curies":[{"name":"wp","href":"https:\/\/api.w.org\/{rel}","templated":true}]}}